{"id":1295,"date":"2017-03-03T14:41:13","date_gmt":"2017-03-03T17:41:13","guid":{"rendered":"http:\/\/www.secpf.com.br\/site\/?page_id=1295"},"modified":"2026-04-10T08:35:55","modified_gmt":"2026-04-10T11:35:55","slug":"contribuicao-sindical-assistencial","status":"publish","type":"page","link":"https:\/\/www.secpf.com.br\/site\/sindicato\/contribuicao-sindical-assistencial\/","title":{"rendered":"Contribui\u00e7\u00e3o Sindical e Assistencial"},"content":{"rendered":"<h2>Contribui\u00e7\u00e3o Sindical e Assistencial<\/h2>\n<h4><span style=\"color: #c71818;\">Gera\u00e7\u00e3o dos boletos<\/span><\/h4>\n<p><em style=\"font-size: inherit;\">Voc\u00ea pode acessar o sistema atrav\u00e9s do cadastro da EMPRESA ou do ESCRIT\u00d3RIO CONT\u00c1BIL.<br \/>\n* Durante o primeiro acesso \u00e9 poss\u00edvel preencher os dados necess\u00e1rios. Ap\u00f3s o cadastramento inicial, basta entrar com o CNPJ, CEI ou CPF e a senha cadastrada para gerar os boletos diretamente pela internet..<\/em><\/p>\n<p><span style=\"background-color: #ffff00;\"><em><span style=\"font-family: georgia, palatino, serif;\">Clique abaixo para acessar o sistema (ser\u00e1 aberta uma nova janela)<\/span><\/em><\/span><\/p>\n<figure style=\"width: 787px\" class=\"wp-caption alignnone\"><a href=\"https:\/\/sweb.diretasistemas.com.br\/prosindweb\/index.php?sind=561\" target=\"_blank\" rel=\"noopener noreferrer\"><img fetchpriority=\"high\" decoding=\"async\" src=\"http:\/\/www.secpf.com.br\/site\/wp-content\/uploads\/2017\/03\/prosindweb-boletos-2017.png\" alt=\"Sistema ProSindWeb\" width=\"787\" height=\"171\" \/><\/a><figcaption class=\"wp-caption-text\"><span style=\"font-size: 12pt;\"><strong><a href=\"https:\/\/sweb.diretasistemas.com.br\/prosindweb\/index.php?sind=561\" target=\"_blank\" rel=\"noopener noreferrer\">Link para Sistema ProSindWeb de gera\u00e7\u00e3o de boletos<\/a><\/strong><\/span><\/figcaption><\/figure>\n<hr \/>\n<p>Caso tenha alguma d\u00favida ou dificuldade de acesso, entre em contato com o Sindicato dos Comerci\u00e1rios pelos telefones:<\/p>\n<ul>\n<li>(54) 3311 1434<\/li>\n<li>(54) 3317 1930<\/li>\n<li>(54) 8116 1629<\/li>\n<\/ul>\n<p>Ou atrav\u00e9s do email <a href=\"mailto:secpf@secpf.com.br\" target=\"_blank\" rel=\"noopener\">secpf@secpf.com.br<\/a><\/p>\n<div id=\"njcdgcofcbnlbpkpdhmlmiblaglnkpnj\"><\/div>\n","protected":false},"excerpt":{"rendered":"<p>Contribui\u00e7\u00e3o Sindical e Assistencial Gera\u00e7\u00e3o dos boletos Voc\u00ea pode acessar o sistema atrav\u00e9s do cadastro da EMPRESA ou do ESCRIT\u00d3RIO<\/p>\n","protected":false},"author":1,"featured_media":0,"parent":164,"menu_order":4,"comment_status":"closed","ping_status":"closed","template":"","meta":{"colormag_page_container_layout":"default_layout","colormag_page_sidebar_layout":"default_layout","footnotes":""},"class_list":["post-1295","page","type-page","status-publish","hentry"],"_links":{"self":[{"href":"https:\/\/www.secpf.com.br\/site\/wp-json\/wp\/v2\/pages\/1295","targetHints":{"allow":["GET"]}}],"collection":[{"href":"https:\/\/www.secpf.com.br\/site\/wp-json\/wp\/v2\/pages"}],"about":[{"href":"https:\/\/www.secpf.com.br\/site\/wp-json\/wp\/v2\/types\/page"}],"author":[{"embeddable":true,"href":"https:\/\/www.secpf.com.br\/site\/wp-json\/wp\/v2\/users\/1"}],"replies":[{"embeddable":true,"href":"https:\/\/www.secpf.com.br\/site\/wp-json\/wp\/v2\/comments?post=1295"}],"version-history":[{"count":21,"href":"https:\/\/www.secpf.com.br\/site\/wp-json\/wp\/v2\/pages\/1295\/revisions"}],"predecessor-version":[{"id":3643,"href":"https:\/\/www.secpf.com.br\/site\/wp-json\/wp\/v2\/pages\/1295\/revisions\/3643"}],"up":[{"embeddable":true,"href":"https:\/\/www.secpf.com.br\/site\/wp-json\/wp\/v2\/pages\/164"}],"wp:attachment":[{"href":"https:\/\/www.secpf.com.br\/site\/wp-json\/wp\/v2\/media?parent=1295"}],"curies":[{"name":"wp","href":"https:\/\/api.w.org\/{rel}","templated":true}]}}