{"id":164,"date":"2014-10-30T16:13:42","date_gmt":"2014-10-30T18:13:42","guid":{"rendered":"http:\/\/www.daniela.pro.br\/site\/?page_id=164"},"modified":"2026-04-10T08:35:55","modified_gmt":"2026-04-10T11:35:55","slug":"sindicato","status":"publish","type":"page","link":"https:\/\/www.secpf.com.br\/site\/sindicato\/","title":{"rendered":"SINDICATO"},"content":{"rendered":"<h2><span style=\"color: #ff0000;\">O Sindicato<\/span><\/h2>\n<p>O Sindicato dos Empregados no Com\u00e9rcio de Passo Fundo (SEC-PF) foi constitu\u00eddo em 1937 para a defesa e representa\u00e7\u00e3o legal dos empregados no com\u00e9rcio varejista e atacadista, em \u00f3ticas, funer\u00e1rias, mercados, com\u00e9rcio varejista de produtos farmac\u00eauticos, com\u00e9rcio varejista de g\u00eaneros aliment\u00edcios, repara\u00e7\u00e3o de ve\u00edculos, com\u00e9rcio de \u00e1lcool e bebidas.<\/p>\n<p>Sua atua\u00e7\u00e3o abrange os munic\u00edpios de Passo Fundo, Marau, Casca, Sert\u00e3o, Serafina Corr\u00eaa, Vila Maria, Coxilha, Gentil, Mato Castelhano, Montaur\u00ed, Nicolau Vergueiro, Pont\u00e3o, Santo Ant\u00f4nio do Palma, S\u00e3o Domingos do Sul, Camargo, Vanini, Guapor\u00e9 e Ernestina., visando a melhoria das condi\u00e7\u00f5es de vida e de trabalho dos comerci\u00e1rios. As a\u00e7\u00f5es do sindicato devem tamb\u00e9m, promover a independ\u00eancia e autonomia da representa\u00e7\u00e3o sindical, a manuten\u00e7\u00e3o das institui\u00e7\u00f5es democr\u00e1ticas, a defesa dos direitos humanos, da paz e da solidariedade entre os povos, a defesa das liberdades individuais e coletivas e a luta pela justi\u00e7a social.<\/p>\n<p>O SEC-PF possui, dentro de sua base territorial, delegacias sindicais, com a finalidade de assistir e organizar os trabalhadores, a partir das necessidades e prioridades aprovadas pela assembl\u00e9ia geral da categoria.<\/p>\n<ul>\n<li>\n<h4>Organiza\u00e7\u00e3o<\/h4>\n<\/li>\n<li>\n<h4>Diretoria<\/h4>\n<\/li>\n<li>\n<h4>Hist\u00f3ria<\/h4>\n<\/li>\n<li>\n<h4>Fique S\u00f3cio<\/h4>\n<\/li>\n<\/ul>\n","protected":false},"excerpt":{"rendered":"<p>O Sindicato O Sindicato dos Empregados no Com\u00e9rcio de Passo Fundo (SEC-PF) foi constitu\u00eddo em 1937 para a defesa e<\/p>\n","protected":false},"author":1,"featured_media":0,"parent":0,"menu_order":0,"comment_status":"closed","ping_status":"closed","template":"","meta":{"colormag_page_container_layout":"default_layout","colormag_page_sidebar_layout":"default_layout","footnotes":""},"class_list":["post-164","page","type-page","status-publish","hentry"],"_links":{"self":[{"href":"https:\/\/www.secpf.com.br\/site\/wp-json\/wp\/v2\/pages\/164","targetHints":{"allow":["GET"]}}],"collection":[{"href":"https:\/\/www.secpf.com.br\/site\/wp-json\/wp\/v2\/pages"}],"about":[{"href":"https:\/\/www.secpf.com.br\/site\/wp-json\/wp\/v2\/types\/page"}],"author":[{"embeddable":true,"href":"https:\/\/www.secpf.com.br\/site\/wp-json\/wp\/v2\/users\/1"}],"replies":[{"embeddable":true,"href":"https:\/\/www.secpf.com.br\/site\/wp-json\/wp\/v2\/comments?post=164"}],"version-history":[{"count":4,"href":"https:\/\/www.secpf.com.br\/site\/wp-json\/wp\/v2\/pages\/164\/revisions"}],"predecessor-version":[{"id":330,"href":"https:\/\/www.secpf.com.br\/site\/wp-json\/wp\/v2\/pages\/164\/revisions\/330"}],"wp:attachment":[{"href":"https:\/\/www.secpf.com.br\/site\/wp-json\/wp\/v2\/media?parent=164"}],"curies":[{"name":"wp","href":"https:\/\/api.w.org\/{rel}","templated":true}]}}