{"id":213,"date":"2014-10-30T17:53:54","date_gmt":"2014-10-30T19:53:54","guid":{"rendered":"http:\/\/www.daniela.pro.br\/site\/?page_id=213"},"modified":"2026-04-10T08:35:30","modified_gmt":"2026-04-10T11:35:30","slug":"denuncias","status":"publish","type":"page","link":"https:\/\/www.secpf.com.br\/site\/denuncias\/","title":{"rendered":"DEN\u00daNCIAS"},"content":{"rendered":"<h2><span style=\"color: #ff0000;\">Den\u00fancias<\/span><\/h2>\n<p>O Sindicato \u00e9 a organiza\u00e7\u00e3o que tem a miss\u00e3o de garantir os direitos dos trabalhadores e exigir que as condi\u00e7\u00f5es de trabalho sejam dignas. Se voc\u00ea tem alguma reclama\u00e7\u00e3o sobre a empresa que trabalha ou est\u00e1 acompanhando alguma situa\u00e7\u00e3o que agride os direitos dos trabalhadores, envie sua den\u00fancia para n\u00f3s para que possamos melhor fiscalizar, apurar e buscar a solu\u00e7\u00e3o deste problema.<\/p>\n<h4><span style=\"color: #808000;\">Sua den\u00fancia pode ser feita das seguintes formas:<\/span><\/h4>\n<ul>\n<li>\n<h5>Preenchendo o formul\u00e1rio de den\u00fancia online<\/h5>\n<\/li>\n<li>\n<h5>Enviando um e-mail para <a title=\"Den\u00fancia\" href=\"mailto:secpf@secpf.com.br\">secpf@secpf.com.br<\/a><\/h5>\n<\/li>\n<li>\n<h5>Ligando para o sindicato nos telefones\u00a0(54) 3311-1434 \/ 3317-1930<\/h5>\n<\/li>\n<li>\n<h5>Conversando diretamente no sindicato (Rua Moron, 1731, 4\u00ba andar &#8211; Centro &#8211; Passo Fundo\/RS)<\/h5>\n<\/li>\n<\/ul>\n<h4><\/h4>\n<h4><span style=\"color: #808000;\">&gt;&gt; Veja aqui as den\u00fancias mais recentes (Boca no Trombone)<\/span><\/h4>\n<p>&nbsp;<\/p>\n","protected":false},"excerpt":{"rendered":"<p>Den\u00fancias O Sindicato \u00e9 a organiza\u00e7\u00e3o que tem a miss\u00e3o de garantir os direitos dos trabalhadores e exigir que as<\/p>\n","protected":false},"author":1,"featured_media":0,"parent":0,"menu_order":0,"comment_status":"closed","ping_status":"closed","template":"","meta":{"colormag_page_container_layout":"default_layout","colormag_page_sidebar_layout":"default_layout","footnotes":""},"class_list":["post-213","page","type-page","status-publish","hentry"],"_links":{"self":[{"href":"https:\/\/www.secpf.com.br\/site\/wp-json\/wp\/v2\/pages\/213","targetHints":{"allow":["GET"]}}],"collection":[{"href":"https:\/\/www.secpf.com.br\/site\/wp-json\/wp\/v2\/pages"}],"about":[{"href":"https:\/\/www.secpf.com.br\/site\/wp-json\/wp\/v2\/types\/page"}],"author":[{"embeddable":true,"href":"https:\/\/www.secpf.com.br\/site\/wp-json\/wp\/v2\/users\/1"}],"replies":[{"embeddable":true,"href":"https:\/\/www.secpf.com.br\/site\/wp-json\/wp\/v2\/comments?post=213"}],"version-history":[{"count":5,"href":"https:\/\/www.secpf.com.br\/site\/wp-json\/wp\/v2\/pages\/213\/revisions"}],"predecessor-version":[{"id":565,"href":"https:\/\/www.secpf.com.br\/site\/wp-json\/wp\/v2\/pages\/213\/revisions\/565"}],"wp:attachment":[{"href":"https:\/\/www.secpf.com.br\/site\/wp-json\/wp\/v2\/media?parent=213"}],"curies":[{"name":"wp","href":"https:\/\/api.w.org\/{rel}","templated":true}]}}