{"id":225,"date":"2014-10-30T17:55:52","date_gmt":"2014-10-30T19:55:52","guid":{"rendered":"http:\/\/www.daniela.pro.br\/site\/?page_id=225"},"modified":"2026-04-10T08:35:31","modified_gmt":"2026-04-10T11:35:31","slug":"seguro-desemprego","status":"publish","type":"page","link":"https:\/\/www.secpf.com.br\/site\/direitos\/seguro-desemprego\/","title":{"rendered":"Seguro-desemprego"},"content":{"rendered":"<h2><span style=\"color: #ff0000;\">Seguro-desemprego<\/span><\/h2>\n<p>&nbsp;<\/p>\n<p><span style=\"font-size: 12pt;\">O seguro desemprego consiste num aux\u00edlio coberto pelo Fundo de Amparo ao Trabalhador (FAT), vinculado ao Minist\u00e9rio do Trabalho, e tem por finalidade prover a assist\u00eancia financeira tempor\u00e1ria do trabalhador desempregado.<\/span><\/p>\n<table width=\"850\">\n<tbody>\n<tr>\n<td style=\"width: 100px;\"><strong>Solicita\u00e7\u00e3o<\/strong><\/td>\n<td><strong>\u00a0 \u00a0 \u00a0 \u00a0Exig\u00eancias \u00a0 \u00a0 \u00a0 \u00a0 \u00a0 \u00a0 \u00a0 \u00a0 \u00a0 \u00a0 \u00a0 \u00a0 \u00a0 \u00a0 \u00a0 \u00a0\u00a0<\/strong><\/td>\n<td style=\"width: 130px; text-align: center;\"><strong>N\u00famero de \u00a0 \u00a0 \u00a0 \u00a0Parcelas\u00a0\u00a0 \u00a0 \u00a0<\/strong><\/td>\n<\/tr>\n<tr>\n<td style=\"width: 100px;\">Primeira<\/td>\n<td>Comprovar v\u00ednculo empregat\u00edcio de no m\u00ednimo 12 meses e no m\u00e1ximo 23 meses no per\u00edodo de refer\u00eancia<\/td>\n<td style=\"width: 130px; text-align: center;\">\u00a04 parcelas<\/td>\n<\/tr>\n<tr>\n<td style=\"width: 100px;\">&nbsp;<\/td>\n<td>Comprovar v\u00ednculo empregat\u00edcio de \u00a0no m\u00ednimo 24 meses no per\u00edodo de refer\u00eancia<\/td>\n<td style=\"width: 130px; text-align: center;\">\u00a05 parcelas<\/td>\n<\/tr>\n<tr>\n<td style=\"width: 100px;\">Segunda<\/td>\n<td>Comprovar v\u00ednculo empregat\u00edcio de no m\u00ednimo 9 meses e no m\u00e1ximo 11 meses no per\u00edodo de refer\u00eancia<\/td>\n<td style=\"width: 130px; text-align: center;\">\u00a03 parcelas<\/td>\n<\/tr>\n<tr>\n<td style=\"width: 100px;\">&nbsp;<\/td>\n<td>Comprovar v\u00ednculo empregat\u00edcio de no m\u00ednimo 12 meses e no m\u00e1ximo 23 meses no per\u00edodo de refer\u00eancia<\/td>\n<td style=\"width: 130px; text-align: center;\">\u00a04 parcelas<\/td>\n<\/tr>\n<tr>\n<td style=\"width: 100px;\">&nbsp;<\/td>\n<td>Comprovar v\u00ednculo empregat\u00edcio de no m\u00ednimo 24 meses no per\u00edodo de refer\u00eancia<\/td>\n<td style=\"width: 130px; text-align: center;\">\u00a05 parcelas<\/td>\n<\/tr>\n<tr>\n<td style=\"width: 100px;\">Terceira<\/td>\n<td>Comprovar v\u00ednculo empregat\u00edcio de no m\u00ednimo 6 meses e no m\u00e1ximo 11 meses no per\u00edodo de refer\u00eancia<\/td>\n<td style=\"width: 130px; text-align: center;\">\u00a03 parcelas<\/td>\n<\/tr>\n<tr>\n<td style=\"width: 100px;\">&nbsp;<\/td>\n<td>Comprovar v\u00ednculo empregat\u00edcio de no m\u00ednimo 12 meses e no m\u00e1ximo 23 meses no per\u00edodo de refer\u00eancia<\/td>\n<td style=\"width: 130px; text-align: center;\">\u00a04 parcelas<\/td>\n<\/tr>\n<tr>\n<td style=\"width: 100px;\">&nbsp;<\/td>\n<td>Comprovar v\u00ednculo empregat\u00edcio de no m\u00ednimo 24 meses no per\u00edodo de refer\u00eancia<\/td>\n<td style=\"width: 130px; text-align: center;\">\u00a05 parcelas<\/td>\n<\/tr>\n<\/tbody>\n<\/table>\n<p>&nbsp;<\/p>\n<p><strong>Como calcular o valor do seguro:<\/strong><\/p>\n<p>1\u00ba passo: Apurar a m\u00e9dia salarial dos \u00faltimos tr\u00eas meses (considerar no c\u00e1lculo horas extras, comiss\u00f5es, repousos e adicionais, como quebra de caixa, insalubridade, etc);<br \/>\n2\u00ba passo: Verificar na tabela abaixo em qual faixa se localiza a m\u00e9dia encontrada e calcular o valor da parcela.<\/p>\n<table width=\"800\">\n<tbody>\n<tr>\n<td><strong>Faixas de sal\u00e1rio m\u00e9dio<\/strong><\/td>\n<td><strong>Valor da parcela<\/strong><\/td>\n<\/tr>\n<tr>\n<td>1 &#8211; At\u00e9 R$ 1.480,25<\/td>\n<td>Multiplica-se sal\u00e1rio m\u00e9dio por 0.8 (80%)<\/td>\n<\/tr>\n<tr>\n<td>2 &#8211; De R$\u00a01.480,26 at\u00e9 R$ 2.467,33<\/td>\n<td>O que exceder a\u00a01.480,25 multiplica-se por 0.5 (50%) e soma-se a 1.184,20.<\/td>\n<\/tr>\n<tr>\n<td>3 &#8211; Acima de R$ 2.467,33<\/td>\n<td>O valor da parcela ser\u00e1 de R$ 1.677,74, invariavelmente<\/td>\n<\/tr>\n<\/tbody>\n<\/table>\n<p>&nbsp;<\/p>\n<p>&nbsp;<\/p>\n<p>&nbsp;<\/p>\n<p>&nbsp;<\/p>\n<p>&nbsp;<\/p>\n<p>&nbsp;<\/p>\n<p>&nbsp;<\/p>\n","protected":false},"excerpt":{"rendered":"<p>Seguro-desemprego &nbsp; O seguro desemprego consiste num aux\u00edlio coberto pelo Fundo de Amparo ao Trabalhador (FAT), vinculado ao Minist\u00e9rio do<\/p>\n","protected":false},"author":1,"featured_media":0,"parent":211,"menu_order":0,"comment_status":"closed","ping_status":"closed","template":"","meta":{"colormag_page_container_layout":"default_layout","colormag_page_sidebar_layout":"default_layout","footnotes":""},"class_list":["post-225","page","type-page","status-publish","hentry"],"_links":{"self":[{"href":"https:\/\/www.secpf.com.br\/site\/wp-json\/wp\/v2\/pages\/225","targetHints":{"allow":["GET"]}}],"collection":[{"href":"https:\/\/www.secpf.com.br\/site\/wp-json\/wp\/v2\/pages"}],"about":[{"href":"https:\/\/www.secpf.com.br\/site\/wp-json\/wp\/v2\/types\/page"}],"author":[{"embeddable":true,"href":"https:\/\/www.secpf.com.br\/site\/wp-json\/wp\/v2\/users\/1"}],"replies":[{"embeddable":true,"href":"https:\/\/www.secpf.com.br\/site\/wp-json\/wp\/v2\/comments?post=225"}],"version-history":[{"count":7,"href":"https:\/\/www.secpf.com.br\/site\/wp-json\/wp\/v2\/pages\/225\/revisions"}],"predecessor-version":[{"id":2480,"href":"https:\/\/www.secpf.com.br\/site\/wp-json\/wp\/v2\/pages\/225\/revisions\/2480"}],"up":[{"embeddable":true,"href":"https:\/\/www.secpf.com.br\/site\/wp-json\/wp\/v2\/pages\/211"}],"wp:attachment":[{"href":"https:\/\/www.secpf.com.br\/site\/wp-json\/wp\/v2\/media?parent=225"}],"curies":[{"name":"wp","href":"https:\/\/api.w.org\/{rel}","templated":true}]}}