{"id":2471,"date":"2019-06-26T00:14:57","date_gmt":"2019-06-26T03:14:57","guid":{"rendered":"http:\/\/www.secpf.com.br\/site\/?page_id=2471"},"modified":"2026-04-10T08:35:30","modified_gmt":"2026-04-10T11:35:30","slug":"convencoes-coletivas-2018","status":"publish","type":"page","link":"https:\/\/www.secpf.com.br\/site\/convencoes-coletivas\/convencoes-coletivas-2018\/","title":{"rendered":"Conven\u00e7\u00f5es Coletivas 2018"},"content":{"rendered":"<h2><\/h2>\n<h2>Conven\u00e7\u00f5es Coletivas<\/h2>\n<h3><span style=\"color: #993300;\">Vig\u00eancia\u00a0no ano de 2017 &#8211; 2018<\/span><\/h3>\n<p>&nbsp;<\/p>\n<table border=\"0\" width=\"895\" cellspacing=\"15\" cellpadding=\"8\">\n<tbody>\n<tr style=\"background-color: #cf2727; border-color: #dbcccc;\">\n<td style=\"width: 120px; text-align: left;\" width=\"144\"><span style=\"color: #ffffff;\"><strong>Tipo de Instrumento<\/strong><\/span><\/td>\n<td style=\"width: 120px; text-align: left;\" width=\"184\"><span style=\"color: #ffffff;\"><strong>Vig\u00eancia<\/strong><\/span><\/td>\n<td style=\"width: 120px; text-align: left;\" width=\"503\"><span style=\"color: #ffffff;\"><strong>Empregador<\/strong><\/span><\/td>\n<\/tr>\n<tr>\n<td style=\"width: 120px; text-align: left;\">Acordo Coletivo<\/td>\n<td style=\"width: 120px; text-align: left;\">01\/04\/2017 a 30\/06\/2018<\/td>\n<td style=\"width: 216px; text-align: left;\"><a href=\"http:\/\/www.secpf.com.br\/convencoes\/2018\/010417a300618_farmacias-sao-joao.pdf\" target=\"_blank\">FARM\u00c1CIAS S\u00c3O JO\u00c3O<\/a><\/td>\n<\/tr>\n<tr>\n<td style=\"width: 120px; text-align: left;\">Conven\u00e7\u00e3o Coletiva<\/td>\n<td style=\"width: 120px; text-align: left;\">01\/04\/2017 a 31\/03\/2018<\/td>\n<td style=\"width: 216px; text-align: left;\"><a href=\"http:\/\/www.secpf.com.br\/convencoes\/2018\/010417a310318-comercio-varejista-generos-alimenticios-pf.pdf\" target=\"_blank\">COM\u00c9RCIO VAREJISTA DE G\u00caNEROS ALIMENT\u00cdCIOS &#8211; PASSO FUNDO<\/a><\/td>\n<\/tr>\n<tr>\n<td style=\"width: 120px; text-align: left;\">Conven\u00e7\u00e3o Coletiva<\/td>\n<td style=\"width: 120px; text-align: left;\">01\/04\/2017 a 31\/03\/2018<\/td>\n<td style=\"width: 216px; text-align: left;\"><a href=\"http:\/\/www.secpf.com.br\/convencoes\/2018\/010417a310318_farmacias.pdf\" target=\"_blank\">COM\u00c9RCIO VAREJISTA DE FARM\u00c1CIAS<\/a><\/td>\n<\/tr>\n<tr>\n<td style=\"width: 120px; text-align: left;\">Conven\u00e7\u00e3o Coletiva<\/td>\n<td style=\"width: 120px; text-align: left;\">01\/04\/2017 a 31\/03\/2018<\/td>\n<td style=\"width: 216px; text-align: left;\"><a href=\"http:\/\/www.secpf.com.br\/convencoes\/2018\/010417a310318-comercio-varejista.pdf\" target=\"_blank\">COM\u00c9RCIO VAREJISTA<\/a><\/td>\n<\/tr>\n<tr>\n<td style=\"width: 120px; text-align: left;\">Conven\u00e7\u00e3o Coletiva<\/td>\n<td style=\"width: 120px; text-align: left;\">01\/04\/2016 a 31\/03\/2017<\/td>\n<td style=\"width: 216px; text-align: left;\"><a href=\"http:\/\/www.secpf.com.br\/convencoes\/2017\/010416a310317-comercio-atacadista-generos-alimenticios-pfundo.pdf\" target=\"_blank\">PRODUTOS AGR\u00cdCOLAS \/ COM\u00c9RCIO ATACADISTA DE G\u00caNEROS ALIMENT\u00cdCIOS &#8211; PASSO FUNDO<\/a><\/td>\n<\/tr>\n<tr>\n<td style=\"width: 120px; text-align: left;\">Conven\u00e7\u00e3o Coletiva<\/td>\n<td style=\"width: 120px; text-align: left;\">01\/04\/2016 a 31\/03\/2017<\/td>\n<td style=\"width: 216px; text-align: left;\"><a href=\"http:\/\/www.secpf.com.br\/convencoes\/2017\/010416a310317_farmacias.pdf\" target=\"_blank\">COM\u00c9RCIO VAREJISTA DE FARM\u00c1CIAS<\/a><\/td>\n<\/tr>\n<tr>\n<td style=\"width: 120px; text-align: left;\">Conven\u00e7\u00e3o Coletiva<\/td>\n<td style=\"width: 120px; text-align: left;\">01\/03\/2016 a 28\/02\/2017<\/td>\n<td style=\"width: 216px; text-align: left;\"><a href=\"http:\/\/www.secpf.com.br\/convencoes\/2016\/010316a280217_comercio_varejista_generos_alimenticios-ext-base.pdf\" target=\"_blank\">COM\u00c9RCIO VAREJISTA G\u00caNEROS ALIMENT\u00cdCIOS &#8211;\u00a0EXTENS\u00c3O DE BASE<\/a><\/td>\n<\/tr>\n<tr>\n<td style=\"width: 120px; text-align: left;\">Conven\u00e7\u00e3o Coletiva<\/td>\n<td style=\"width: 120px; text-align: left;\">01\/04\/2016 a 31\/03\/2017<\/td>\n<td style=\"width: 216px; text-align: left;\"><a href=\"http:\/\/www.secpf.com.br\/convencoes\/2016\/010416a310317_comercio_atacadista-pf.pdf\" target=\"_blank\">COM\u00c9RCIO ATACADISTA &#8211; PASSO\u00a0FUNDO<\/a><\/td>\n<\/tr>\n<tr>\n<td style=\"width: 120px; text-align: left;\">Conven\u00e7\u00e3o Coletiva<\/td>\n<td style=\"width: 120px; text-align: left;\">01\/03\/2015 a 28\/02\/2017<\/td>\n<td style=\"width: 216px; text-align: left;\"><a href=\"http:\/\/www.secpf.com.br\/convencoes\/2016\/010315a280217_comercio_atacadista-ext-base.pdf\" target=\"_blank\">COM\u00c9RCIO ATACADISTA &#8211; EXTENS\u00c3O DE BASE<\/a><\/td>\n<\/tr>\n<tr>\n<td style=\"width: 120px; text-align: left;\">Conven\u00e7\u00e3o Coletiva<\/td>\n<td style=\"width: 120px; text-align: left;\">01\/04\/2015 a 31\/03\/2017<\/td>\n<td style=\"width: 216px; text-align: left;\"><a href=\"http:\/\/www.secpf.com.br\/convencoes\/2016\/010415a310317_comercio_varejista_farmacias-Guapore.pdf\" target=\"_blank\">COM\u00c9RCIO VAREJISTA DE FARM\u00c1CIAS\u00a0&#8211; GUAPOR\u00c9<\/a><\/td>\n<\/tr>\n<tr>\n<td style=\"width: 120px; text-align: left;\">Conven\u00e7\u00e3o Coletiva<\/td>\n<td style=\"width: 120px; text-align: left;\">01\/04\/2016 a 31\/03\/2017<\/td>\n<td style=\"width: 216px; text-align: left;\"><a href=\"http:\/\/www.secpf.com.br\/convencoes\/2016\/010416a310317_comercio_atacadista_bebidas-pf.pdf\" target=\"_blank\">COM\u00c9RCIO ATACADISTA DE \u00c1LCOOL E BEBIDAS &#8211;\u00a0PASSO FUNDO<\/a><\/td>\n<\/tr>\n<tr>\n<td style=\"width: 120px; text-align: left;\">Conven\u00e7\u00e3o Coletiva<\/td>\n<td style=\"width: 120px; text-align: left;\">01\/03\/2015 a 28\/02\/2017<\/td>\n<td style=\"width: 216px; text-align: left;\"><a href=\"http:\/\/www.secpf.com.br\/convencoes\/2016\/010315a280217_comercio_atacadista_bebidas-ext-base.pdf\" target=\"_blank\">COM\u00c9RCIO ATACADISTA DE \u00c1LCOOL E BEBIDAS &#8211; EXTENS\u00c3O DE BASE<\/a><\/td>\n<\/tr>\n<tr>\n<td style=\"width: 120px; text-align: left;\">Conven\u00e7\u00e3o Coletiva<\/td>\n<td style=\"width: 120px; text-align: left;\">01\/11\/2016 a 31\/10\/2017<\/td>\n<td style=\"width: 216px; text-align: left;\"><a href=\"http:\/\/www.secpf.com.br\/convencoes\/2016\/011116a311017_concessionarios_dist_veiculos.pdf\" target=\"_blank\">CONCESSION\u00c1RIOS E DISTRIBUIDORES DE VE\u00cdCULOS<\/a><\/td>\n<\/tr>\n<tr>\n<td style=\"width: 120px; text-align: left;\">Conven\u00e7\u00e3o Coletiva<\/td>\n<td style=\"width: 120px; text-align: left;\">01\/04\/2016 a 31\/12\/2017<\/td>\n<td style=\"width: 216px; text-align: left;\"><a href=\"http:\/\/www.secpf.com.br\/convencoes\/2016\/010416a311217_comercio-varejista-generos-alimenticios-pf.pdf\" target=\"_blank\">COM\u00c9RCIO VAREJISTA G\u00caNEROS ALIMENT\u00cdCIOS &#8211; PASSO FUNDO<\/a><\/td>\n<\/tr>\n<tr>\n<td style=\"width: 120px; text-align: left;\">Conven\u00e7\u00e3o Coletiva<\/td>\n<td style=\"width: 120px; text-align: left;\">01\/04\/2016 a 31\/03\/2017<\/td>\n<td style=\"width: 216px; text-align: left;\"><a href=\"http:\/\/www.secpf.com.br\/convencoes\/2016\/010416a310317_comercio_varejista.pdf\" target=\"_blank\">COM\u00c9RCIO VAREJISTA<\/a><\/td>\n<\/tr>\n<tr>\n<td style=\"width: 120px; text-align: left;\">Conven\u00e7\u00e3o Coletiva<\/td>\n<td style=\"width: 120px; text-align: left;\">01\/04\/2016 a 31\/03\/2017<\/td>\n<td style=\"width: 216px; text-align: left;\"><a href=\"http:\/\/www.secpf.com.br\/convencoes\/2016\/010416a310317_concessionarios_dist_veiculos.pdf\" target=\"_blank\">CONCESSION\u00c1RIOS E DISTRIBUIDORES DE VE\u00cdCULOS<\/a><\/td>\n<\/tr>\n<tr>\n<td style=\"width: 120px; text-align: left;\">Acordo Coletivo<\/td>\n<td style=\"width: 120px; text-align: left;\">01\/04\/2016 a 31\/03\/2017<\/td>\n<td style=\"width: 216px; text-align: left;\"><a href=\"http:\/\/www.secpf.com.br\/convencoes\/2016\/010416a310317_farmacias_sao_joao.pdf\" target=\"_blank\">FARM\u00c1CIAS S\u00c3O JO\u00c3O<\/a><\/td>\n<\/tr>\n<\/tbody>\n<\/table>\n<p>&nbsp;<\/p>\n<p>* Confira a autenticidade no endere\u00e7o <a href=\"http:\/\/www3.mte.gov.br\/sistemas\/mediador\/ConsultarInstColetivo#\" target=\"_blank\">http:\/\/www3.mte.gov.br\/sistemas\/mediador<\/a><\/p>\n<h4 style=\"text-align: center;\">\u00a0<span style=\"color: #0000ff;\">CONVEN\u00c7\u00d5ES DE ANOS ANTERIORES:<\/span><\/h4>\n<h4 style=\"text-align: center;\"><a href=\"http:\/\/www.secpf.com.br\/site\/?p=1940\">2016 <\/a>|\u00a0<a href=\"http:\/\/www.secpf.com.br\/site\/direitos\/convencoes-coletivas\/2015-2\/\">2015 <\/a>\u00a0| \u00a0<a title=\"Conven\u00e7\u00f5es Coletivas \u2013 2014\" href=\"http:\/\/www.secpf.com.br\/site\/direitos\/convencoes-coletivas\/2014-2\/\">2014<\/a> \u00a0 | \u00a0 <a title=\"Conven\u00e7\u00f5es Coletivas 2013\" href=\"http:\/\/www.secpf.com.br\/site\/direitos\/convencoes-coletivas\/2013-2\/\">2013<\/a> \u00a0 | \u00a0 <a title=\"Conven\u00e7\u00f5es Coletivas 2012\" href=\"http:\/\/www.secpf.com.br\/site\/direitos\/convencoes-coletivas\/2012-2\/\">2012<\/a> \u00a0 | \u00a0 <a title=\"Conven\u00e7\u00f5es Coletivas 2011\" href=\"http:\/\/www.secpf.com.br\/site\/direitos\/convencoes-coletivas\/2011-2\/\">2011<\/a> \u00a0 | \u00a0 <a title=\"Conven\u00e7\u00f5es Coletivas 2010\" href=\"http:\/\/www.secpf.com.br\/site\/direitos\/convencoes-coletivas\/2010-2\/\">2010<\/a><\/h4>\n","protected":false},"excerpt":{"rendered":"<p>Conven\u00e7\u00f5es Coletivas Vig\u00eancia\u00a0no ano de 2017 &#8211; 2018 &nbsp; Tipo de Instrumento Vig\u00eancia Empregador Acordo Coletivo 01\/04\/2017 a 30\/06\/2018 FARM\u00c1CIAS<\/p>\n","protected":false},"author":1,"featured_media":0,"parent":979,"menu_order":0,"comment_status":"closed","ping_status":"closed","template":"","meta":{"colormag_page_container_layout":"default_layout","colormag_page_sidebar_layout":"default_layout","footnotes":""},"class_list":["post-2471","page","type-page","status-publish","hentry"],"_links":{"self":[{"href":"https:\/\/www.secpf.com.br\/site\/wp-json\/wp\/v2\/pages\/2471","targetHints":{"allow":["GET"]}}],"collection":[{"href":"https:\/\/www.secpf.com.br\/site\/wp-json\/wp\/v2\/pages"}],"about":[{"href":"https:\/\/www.secpf.com.br\/site\/wp-json\/wp\/v2\/types\/page"}],"author":[{"embeddable":true,"href":"https:\/\/www.secpf.com.br\/site\/wp-json\/wp\/v2\/users\/1"}],"replies":[{"embeddable":true,"href":"https:\/\/www.secpf.com.br\/site\/wp-json\/wp\/v2\/comments?post=2471"}],"version-history":[{"count":1,"href":"https:\/\/www.secpf.com.br\/site\/wp-json\/wp\/v2\/pages\/2471\/revisions"}],"predecessor-version":[{"id":2473,"href":"https:\/\/www.secpf.com.br\/site\/wp-json\/wp\/v2\/pages\/2471\/revisions\/2473"}],"up":[{"embeddable":true,"href":"https:\/\/www.secpf.com.br\/site\/wp-json\/wp\/v2\/pages\/979"}],"wp:attachment":[{"href":"https:\/\/www.secpf.com.br\/site\/wp-json\/wp\/v2\/media?parent=2471"}],"curies":[{"name":"wp","href":"https:\/\/api.w.org\/{rel}","templated":true}]}}