{"id":274,"date":"2014-12-17T20:12:09","date_gmt":"2014-12-17T22:12:09","guid":{"rendered":"http:\/\/www.daniela.pro.br\/site\/?page_id=274"},"modified":"2026-04-10T08:35:31","modified_gmt":"2026-04-10T11:35:31","slug":"auxilio-creche","status":"publish","type":"page","link":"https:\/\/www.secpf.com.br\/site\/direitos\/auxilio-creche\/","title":{"rendered":"Aux\u00edlio Creche"},"content":{"rendered":"<h2><span style=\"color: #ff0000;\">Aux\u00edlio Creche<\/span><\/h2>\n<p>&nbsp;<\/p>\n<p><span style=\"line-height: 1.5;\">O aux\u00edlio-creche &#8211; ou reembolso creche &#8211; \u00e9 um valor que a empresa repassa diretamente \u00e0s empregadas, de forma a n\u00e3o ser obrigada a manter uma creche. Nesse caso, o benef\u00edcio deve ser concedido a toda empregada-m\u00e3e e deve ser objeto de negocia\u00e7\u00e3o coletiva.<\/span><\/p>\n<p>Verifique na conven\u00e7\u00e3o coletiva da sua categoria mais informa\u00e7\u00f5es sobre quem tem direito e valores a serem pagos pelo empregador.<\/p>\n","protected":false},"excerpt":{"rendered":"<p>Aux\u00edlio Creche &nbsp; O aux\u00edlio-creche &#8211; ou reembolso creche &#8211; \u00e9 um valor que a empresa repassa diretamente \u00e0s empregadas,<\/p>\n","protected":false},"author":1,"featured_media":0,"parent":211,"menu_order":6,"comment_status":"closed","ping_status":"closed","template":"","meta":{"colormag_page_container_layout":"default_layout","colormag_page_sidebar_layout":"default_layout","footnotes":""},"class_list":["post-274","page","type-page","status-publish","hentry"],"_links":{"self":[{"href":"https:\/\/www.secpf.com.br\/site\/wp-json\/wp\/v2\/pages\/274","targetHints":{"allow":["GET"]}}],"collection":[{"href":"https:\/\/www.secpf.com.br\/site\/wp-json\/wp\/v2\/pages"}],"about":[{"href":"https:\/\/www.secpf.com.br\/site\/wp-json\/wp\/v2\/types\/page"}],"author":[{"embeddable":true,"href":"https:\/\/www.secpf.com.br\/site\/wp-json\/wp\/v2\/users\/1"}],"replies":[{"embeddable":true,"href":"https:\/\/www.secpf.com.br\/site\/wp-json\/wp\/v2\/comments?post=274"}],"version-history":[{"count":3,"href":"https:\/\/www.secpf.com.br\/site\/wp-json\/wp\/v2\/pages\/274\/revisions"}],"predecessor-version":[{"id":884,"href":"https:\/\/www.secpf.com.br\/site\/wp-json\/wp\/v2\/pages\/274\/revisions\/884"}],"up":[{"embeddable":true,"href":"https:\/\/www.secpf.com.br\/site\/wp-json\/wp\/v2\/pages\/211"}],"wp:attachment":[{"href":"https:\/\/www.secpf.com.br\/site\/wp-json\/wp\/v2\/media?parent=274"}],"curies":[{"name":"wp","href":"https:\/\/api.w.org\/{rel}","templated":true}]}}