{"id":3376,"date":"2022-05-18T19:12:41","date_gmt":"2022-05-18T22:12:41","guid":{"rendered":"https:\/\/www.secpf.com.br\/site\/?page_id=3376"},"modified":"2026-04-10T08:35:30","modified_gmt":"2026-04-10T11:35:30","slug":"convencoes-coletivas-2019-2020","status":"publish","type":"page","link":"https:\/\/www.secpf.com.br\/site\/convencoes-coletivas-2019-2020\/","title":{"rendered":"Conven\u00e7\u00f5es Coletivas 2019 &#8211; 2023"},"content":{"rendered":"\n<h2>\u00a0<\/h2>\n<h2>Conven\u00e7\u00f5es Coletivas<\/h2>\n<h3><span style=\"color: #993300;\">Vig\u00eancia no ano de 2019 &#8211; 2023<\/span><\/h3>\n<table class=\" alignleft\" style=\"width: 100%;\" border=\"0\" width=\"100%\" cellspacing=\"15\" cellpadding=\"8\">\n<tbody>\n<tr style=\"background-color: #cf2727; border-color: #dbcccc;\">\n<td style=\"width: 26.2069%; text-align: left; height: 57px;\" width=\"144\"><span style=\"color: #ffffff;\"><strong>Tipo de Instrumento<\/strong><\/span><\/td>\n<td style=\"width: 26.2069%; text-align: left; height: 57px;\" width=\"184\"><span style=\"color: #ffffff;\"><strong>Vig\u00eancia<\/strong><\/span><\/td>\n<td style=\"width: 47.2414%; text-align: left; height: 57px;\" width=\"503\"><span style=\"color: #ffffff;\"><strong>Empregador<\/strong><\/span><\/td>\n<\/tr>\n<tr>\n<td style=\"width: 26.2069%; text-align: left;\">Conven\u00e7\u00e3o Coletiva<\/td>\n<td style=\"width: 26.2069%; text-align: left;\">01\/04\/2023 a 31\/03\/2024<\/td>\n<td style=\"width: 47.2414%; text-align: left;\"><a href=\"https:\/\/www.secpf.com.br\/convencoes\/2023\/010423a310324-atacado-bebidas-PFundo.pdf\" target=\"_blank\" rel=\"noopener noreferrer\">COM\u00c9RCIO ATACADISTA DE \u00c1LCOOL E BEBIDAS &#8211; PASSO FUNDO<\/a><\/td>\n<\/tr>\n<tr>\n<td style=\"width: 26.2069%; text-align: left;\">Conven\u00e7\u00e3o Coletiva<\/td>\n<td style=\"width: 26.2069%; text-align: left;\">01\/03\/2023 a 29\/02\/2024<\/td>\n<td style=\"width: 47.2414%; text-align: left;\"><a href=\"https:\/\/www.secpf.com.br\/convencoes\/2023\/010323a290224-atacado-bebidas-Bases.pdf\" target=\"_blank\" rel=\"noopener noreferrer\">COM\u00c9RCIO ATACADISTA DE \u00c1LCOOL E BEBIDAS &#8211; EXTENS\u00c3O BASE<\/a><\/td>\n<\/tr>\n<tr>\n<td style=\"width: 26.2069%; text-align: left;\">Conven\u00e7\u00e3o Coletiva<\/td>\n<td style=\"width: 26.2069%; text-align: left;\">01\/03\/2023 a 29\/02\/2024<\/td>\n<td style=\"width: 47.2414%; text-align: left;\"><a href=\"https:\/\/www.secpf.com.br\/convencoes\/2023\/010323a290224-atacadista-mat-construcao-Bases.pdf\" target=\"_blank\" rel=\"noopener noreferrer\">MATERIAL DE CONSTRU\u00c7\u00c3O &#8211; EXTENS\u00c3O BASE<\/a><\/td>\n<\/tr>\n<tr>\n<td style=\"width: 26.2069%; text-align: left;\">Conven\u00e7\u00e3o Coletiva<\/td>\n<td style=\"width: 26.2069%; text-align: left;\">01\/03\/2023 a 29\/02\/2024<\/td>\n<td style=\"width: 47.2414%; text-align: left;\"><a href=\"https:\/\/www.secpf.com.br\/convencoes\/2023\/010323a290224-atacadista-mat-construcao-Bases.pdf\" target=\"_blank\" rel=\"noopener noreferrer\">COM\u00c9RCIO ATACADISTA GERAL &#8211; EXTENS\u00c3O BASE<\/a><\/td>\n<\/tr>\n<tr>\n<td style=\"width: 26.2069%; text-align: left;\">Conven\u00e7\u00e3o Coletiva<\/td>\n<td style=\"width: 26.2069%; text-align: left;\">01\/04\/2023 a 31\/03\/2024<\/td>\n<td style=\"width: 47.2414%; text-align: left;\"><a href=\"https:\/\/www.secpf.com.br\/convencoes\/2023\/010423a310324-atacadista-mat-construcao-PFundo.pdf\" target=\"_blank\" rel=\"noopener noreferrer\">MATERIAL DE CONSTRU\u00c7\u00c3O &#8211; PASSO FUNDO<\/a><\/td>\n<\/tr>\n<tr>\n<td style=\"width: 26.2069%; text-align: left;\">Conven\u00e7\u00e3o Coletiva<\/td>\n<td style=\"width: 26.2069%; text-align: left;\">01\/04\/2023 a 31\/03\/2024<\/td>\n<td style=\"width: 47.2414%; text-align: left;\"><a href=\"https:\/\/www.secpf.com.br\/convencoes\/2023\/010423a310324-atacadista-mat-construcao-PFundo.pdf\" target=\"_blank\" rel=\"noopener noreferrer\">COM\u00c9RCIO ATACADISTA GERAL &#8211; PASSO FUNDO<\/a><\/td>\n<\/tr>\n<tr>\n<td style=\"width: 26.2069%; text-align: left;\">Conven\u00e7\u00e3o Coletiva<\/td>\n<td style=\"width: 26.2069%; text-align: left;\">01\/04\/2023 a 31\/03\/2024<\/td>\n<td style=\"width: 47.2414%; text-align: left;\"><a href=\"https:\/\/www.secpf.com.br\/convencoes\/2023\/010423a310324-farmacia-SaoJoao.pdf\" target=\"_blank\" rel=\"noopener noreferrer\">FARM\u00c1CIAS S\u00c3O JO\u00c3O<\/a><\/td>\n<\/tr>\n<tr>\n<td style=\"width: 26.2069%; text-align: left;\">Conven\u00e7\u00e3o Coletiva<\/td>\n<td style=\"width: 26.2069%; text-align: left;\">01\/04\/2023 a 31\/03\/2024<\/td>\n<td style=\"width: 47.2414%; text-align: left;\"><a href=\"https:\/\/www.secpf.com.br\/convencoes\/2023\/010423a310324-comercio-varejista-pf.pdf\" target=\"_blank\" rel=\"noopener\">COM\u00c9RCIO VAREJISTA<\/a><\/td>\n<\/tr>\n<tr style=\"height: 0px;\">\n<td style=\"width: 26.2069%; text-align: left;\">Conven\u00e7\u00e3o Coletiva<\/td>\n<td style=\"width: 26.2069%; text-align: left;\">01\/03\/2023 a 31\/03\/2024<\/td>\n<td style=\"width: 47.2414%; text-align: left;\"><a href=\"https:\/\/www.secpf.com.br\/site\/wp-content\/uploads\/2023\/06\/010423a310324-comercio-varejista-mercados.pdf\">COM\u00c9RCIO VAREJISTA &#8211; MERCADOS<\/a><\/td>\n<\/tr>\n<tr style=\"height: 0px;\">\n<td style=\"width: 26.2069%; text-align: left;\">Conven\u00e7\u00e3o Coletiva<\/td>\n<td style=\"width: 26.2069%; text-align: left;\">01\/04\/2018 a 31\/03\/2020<\/td>\n<td style=\"width: 47.2414%; text-align: left;\"><a href=\"https:\/\/www.secpf.com.br\/convencoes\/2021\/010418a310320_comercio-atacadista-PFundo.pdf\" target=\"_blank\" rel=\"noopener noreferrer\">COM\u00c9RCIO ATACADISTA<\/a><\/td>\n<\/tr>\n<tr style=\"height: 57px;\">\n<td style=\"width: 26.2069%; text-align: left; height: 57px;\">Conven\u00e7\u00e3o Coletiva<\/td>\n<td style=\"width: 26.2069%; text-align: left; height: 57px;\">01\/04\/2020 a 28\/02\/2022<\/td>\n<td style=\"width: 47.2414%; text-align: left; height: 57px;\"><a href=\"http:\/\/www.secpf.com.br\/convencoes\/2021\/010420a280222-atacado-alcool-bebidas-PF-e-base.pdf\" target=\"_blank\" rel=\"noopener noreferrer\">COM\u00c9RCIO ATACADISTA DE \u00c1LCOOL E BEBIDAS<\/a><\/td>\n<\/tr>\n<tr style=\"height: 77px;\">\n<td style=\"width: 26.2069%; text-align: left; height: 77px;\">Conven\u00e7\u00e3o Coletiva<\/td>\n<td style=\"width: 26.2069%; text-align: left; height: 77px;\">01\/03\/2020 a 28\/02\/2022<\/td>\n<td style=\"width: 47.2414%; text-align: left; height: 77px;\"><a href=\"http:\/\/www.secpf.com.br\/convencoes\/2021\/010320a280222-varejo-genero-alimenticio-base.pdf\" target=\"_blank\" rel=\"noopener noreferrer\">COM\u00c9RCIO VAREJISTA G\u00caNEROS ALIMENT\u00cdCIOS &#8211;\u00a0EXTENS\u00c3O DE BASE<\/a><\/td>\n<\/tr>\n<tr style=\"height: 77px;\">\n<td style=\"width: 26.2069%; text-align: left; height: 77px;\">Conven\u00e7\u00e3o Coletiva<\/td>\n<td style=\"width: 26.2069%; text-align: left; height: 77px;\">01\/03\/2020 a 28\/02\/2022<\/td>\n<td style=\"width: 47.2414%; text-align: left; height: 77px;\"><a href=\"http:\/\/www.secpf.com.br\/convencoes\/2021\/010320a280222-atacado-alcool-bebidas-base.pdf\" target=\"_blank\" rel=\"noopener noreferrer\">COM\u00c9RCIO ATACADISTA DE \u00c1LCOOL E BEBIDAS &#8211; EXTENS\u00c3O DE BASE<\/a><\/td>\n<\/tr>\n<tr style=\"height: 77px;\">\n<td style=\"width: 26.2069%; text-align: left; height: 77px;\">Conven\u00e7\u00e3o Coletiva<\/td>\n<td style=\"width: 26.2069%; text-align: left; height: 77px;\">01\/04\/2020 a 31\/03\/2021<\/td>\n<td style=\"width: 47.2414%; text-align: left; height: 77px;\"><a href=\"http:\/\/www.secpf.com.br\/convencoes\/2021\/010420a310321-atacado-alcool-bebidas.pdf\" target=\"_blank\" rel=\"noopener noreferrer\">COM\u00c9RCIO ATACADISTA DE \u00c1LCOOL E BEBIDAS &#8211; PASSO FUNDO<\/a><\/td>\n<\/tr>\n<tr style=\"height: 57px;\">\n<td style=\"width: 26.2069%; text-align: left; height: 57px;\">Acordo Coletivo &#8211; Diss\u00eddio<\/td>\n<td style=\"width: 26.2069%; text-align: left; height: 57px;\">01\/04\/2020 a 31\/03\/2021<\/td>\n<td style=\"width: 47.2414%; text-align: left; height: 57px;\"><a href=\"https:\/\/www.secpf.com.br\/convencoes\/2020\/010420a310321-Acordo-Comercio-Varejista.pdf\" target=\"_blank\" rel=\"noopener noreferrer\">COM\u00c9RCIO VAREJISTA<\/a><\/td>\n<\/tr>\n<tr style=\"height: 57px;\">\n<td style=\"width: 26.2069%; text-align: left; height: 57px;\">Conven\u00e7\u00e3o Coletiva<\/td>\n<td style=\"width: 26.2069%; text-align: left; height: 57px;\">01\/04\/2020 a 31\/03\/2021<\/td>\n<td style=\"width: 47.2414%; text-align: left; height: 57px;\"><a href=\"https:\/\/www.secpf.com.br\/convencoes\/2020\/010420a310321-comercio-varejista.pdf\" target=\"_blank\" rel=\"noopener noreferrer\">COM\u00c9RCIO VAREJISTA<\/a><\/td>\n<\/tr>\n<tr style=\"height: 57px;\">\n<td style=\"width: 26.2069%; text-align: left; height: 57px;\">Acordo Coletivo<\/td>\n<td style=\"width: 26.2069%; text-align: left; height: 57px;\">01\/04\/2020 a 31\/03\/2021<\/td>\n<td style=\"width: 47.2414%; text-align: left; height: 57px;\"><a href=\"https:\/\/www.secpf.com.br\/convencoes\/2020\/010420a310321_farmacias-sao-joao.pdf\" target=\"_blank\" rel=\"noopener noreferrer\">FARM\u00c1CIAS S\u00c3O JO\u00c3O<\/a><\/td>\n<\/tr>\n<tr style=\"height: 77px;\">\n<td style=\"width: 26.2069%; text-align: left; height: 77px;\">Acordo Coletivo de Trabalho 2020 &#8211; 2021<\/td>\n<td style=\"width: 26.2069%; text-align: left; height: 77px;\">01\/04\/2020 a 31\/03\/2021<\/td>\n<td style=\"width: 47.2414%; text-align: left; height: 77px;\"><a href=\"https:\/\/www.secpf.com.br\/convencoes\/2020\/010420a310321_Acordo-Coletivo-Mercados.pdf\" target=\"_blank\" rel=\"noopener noreferrer\">MERCADOS\u00a0&#8211; acordo individual<\/a><\/td>\n<\/tr>\n<tr style=\"height: 77px;\">\n<td style=\"width: 26.2069%; text-align: left; height: 77px;\">Acordo Coletivo de Trabalho 2019 &#8211; 2020<\/td>\n<td style=\"width: 26.2069%; text-align: left; height: 77px;\">01\/04\/2019 a 31\/03\/2020<\/td>\n<td style=\"width: 47.2414%; text-align: left; height: 77px;\"><a href=\"https:\/\/www.secpf.com.br\/convencoes\/2019\/010419a310320-Acordo-Coletivo-Varejista-Lista-Autorizacao.pdf\" target=\"_blank\" rel=\"noopener noreferrer\">Lista de Autoriza\u00e7\u00e3o para Contribui\u00e7\u00e3o da Taxa Negocial<\/a><\/td>\n<\/tr>\n<tr style=\"height: 77px;\">\n<td style=\"width: 26.2069%; text-align: left; height: 77px;\">Conven\u00e7\u00e3o Coletiva<\/td>\n<td style=\"width: 26.2069%; text-align: left; height: 77px;\">01\/04\/2018 a 31\/03\/2020<\/td>\n<td style=\"width: 47.2414%; text-align: left; height: 77px;\"><a href=\"http:\/\/www.secpf.com.br\/convencoes\/2021\/010418a310320-atacado-alcool-bebidas.pdf\" target=\"_blank\" rel=\"noopener noreferrer\">COM\u00c9RCIO ATACADISTA DE \u00c1LCOOL E BEBIDAS &#8211;\u00a0PASSO FUNDO<\/a><\/td>\n<\/tr>\n<tr style=\"height: 77px;\">\n<td style=\"width: 26.2069%; text-align: left; height: 77px;\">Conven\u00e7\u00e3o Coletiva<\/td>\n<td style=\"width: 26.2069%; text-align: left; height: 77px;\">01\/03\/2018 a 29\/02\/2020<\/td>\n<td style=\"width: 47.2414%; text-align: left; height: 77px;\"><a href=\"http:\/\/www.secpf.com.br\/convencoes\/2021\/010318a290220-varejo-genero-alimenticio-base.pdf\" target=\"_blank\" rel=\"noopener noreferrer\">COM\u00c9RCIO VAREJISTA G\u00caNEROS ALIMENT\u00cdCIOS &#8211;\u00a0EXTENS\u00c3O DE BASE<\/a><\/td>\n<\/tr>\n<tr style=\"height: 77px;\">\n<td style=\"width: 26.2069%; text-align: left; height: 77px;\">Conven\u00e7\u00e3o Coletiva<\/td>\n<td style=\"width: 26.2069%; text-align: left; height: 77px;\">01\/03\/2018 a 28\/02\/2020<\/td>\n<td style=\"width: 47.2414%; text-align: left; height: 77px;\"><a href=\"http:\/\/www.secpf.com.br\/convencoes\/2021\/010318a280220-atacado-alcool-bebidas-base.pdf\" target=\"_blank\" rel=\"noopener noreferrer\">COM\u00c9RCIO ATACADISTA DE \u00c1LCOOL E BEBIDAS &#8211; EXTENS\u00c3O DE BASE<\/a><\/td>\n<\/tr>\n<tr style=\"height: 77px;\">\n<td style=\"width: 26.2069%; text-align: left; height: 77px;\">Acordo Coletivo de Trabalho 2018 &#8211; 2020<\/td>\n<td style=\"width: 26.2069%; text-align: left; height: 77px;\">01\/04\/2018 a 31\/03\/2020<\/td>\n<td style=\"width: 47.2414%; text-align: left; height: 77px;\"><a href=\"https:\/\/www.secpf.com.br\/convencoes\/2019\/2018-2020-Acordo-Coletivo-Mercados.pdf\" target=\"_blank\" rel=\"noopener noreferrer\">MERCADOS\u00a0&#8211; acordo individual<\/a><\/td>\n<\/tr>\n<tr style=\"height: 57px;\">\n<td style=\"width: 26.2069%; text-align: left; height: 57px;\">Acordo Coletivo<\/td>\n<td style=\"width: 26.2069%; text-align: left; height: 57px;\">01\/04\/2019 a 31\/03\/2020<\/td>\n<td style=\"width: 47.2414%; text-align: left; height: 57px;\"><a href=\"http:\/\/www.secpf.com.br\/convencoes\/2019\/010419a310320_farmacias-sao-joao.pdf\" target=\"_blank\" rel=\"noopener noreferrer\">FARM\u00c1CIAS S\u00c3O JO\u00c3O<\/a><\/td>\n<\/tr>\n<tr style=\"height: 57px;\">\n<td style=\"width: 26.2069%; text-align: left; height: 57px;\">Conven\u00e7\u00e3o Coletiva<\/td>\n<td style=\"width: 26.2069%; text-align: left; height: 57px;\">01\/04\/2018 a 31\/03\/2019<\/td>\n<td style=\"width: 47.2414%; text-align: left; height: 57px;\"><a href=\"http:\/\/www.secpf.com.br\/convencoes\/2018\/010418a310319-comercio-varejista-registrado.pdf\" target=\"_blank\" rel=\"noopener noreferrer\">COM\u00c9RCIO VAREJISTA<\/a><\/td>\n<\/tr>\n<\/tbody>\n<\/table>\n<p>* Confira a autenticidade no endere\u00e7o <a href=\"http:\/\/www3.mte.gov.br\/sistemas\/mediador\/ConsultarInstColetivo#\" target=\"_blank\" rel=\"noopener noreferrer\">http:\/\/www3.mte.gov.br\/sistemas\/mediador<\/a><\/p>\n<h4 style=\"text-align: center;\">\u00a0<\/h4>\n<div id=\"njcdgcofcbnlbpkpdhmlmiblaglnkpnj\">\u00a0<\/div>\n","protected":false},"excerpt":{"rendered":"<p>\u00a0 Conven\u00e7\u00f5es Coletivas Vig\u00eancia no ano de 2019 &#8211; 2023 Tipo de Instrumento Vig\u00eancia Empregador Conven\u00e7\u00e3o Coletiva 01\/04\/2023 a 31\/03\/2024<\/p>\n","protected":false},"author":1,"featured_media":0,"parent":0,"menu_order":0,"comment_status":"closed","ping_status":"closed","template":"","meta":{"colormag_page_container_layout":"default_layout","colormag_page_sidebar_layout":"default_layout","footnotes":""},"class_list":["post-3376","page","type-page","status-publish","hentry"],"_links":{"self":[{"href":"https:\/\/www.secpf.com.br\/site\/wp-json\/wp\/v2\/pages\/3376","targetHints":{"allow":["GET"]}}],"collection":[{"href":"https:\/\/www.secpf.com.br\/site\/wp-json\/wp\/v2\/pages"}],"about":[{"href":"https:\/\/www.secpf.com.br\/site\/wp-json\/wp\/v2\/types\/page"}],"author":[{"embeddable":true,"href":"https:\/\/www.secpf.com.br\/site\/wp-json\/wp\/v2\/users\/1"}],"replies":[{"embeddable":true,"href":"https:\/\/www.secpf.com.br\/site\/wp-json\/wp\/v2\/comments?post=3376"}],"version-history":[{"count":9,"href":"https:\/\/www.secpf.com.br\/site\/wp-json\/wp\/v2\/pages\/3376\/revisions"}],"predecessor-version":[{"id":3497,"href":"https:\/\/www.secpf.com.br\/site\/wp-json\/wp\/v2\/pages\/3376\/revisions\/3497"}],"wp:attachment":[{"href":"https:\/\/www.secpf.com.br\/site\/wp-json\/wp\/v2\/media?parent=3376"}],"curies":[{"name":"wp","href":"https:\/\/api.w.org\/{rel}","templated":true}]}}