{"id":340,"date":"2014-12-23T00:20:20","date_gmt":"2014-12-23T02:20:20","guid":{"rendered":"http:\/\/www.daniela.pro.br\/site\/?page_id=340"},"modified":"2026-04-10T08:35:31","modified_gmt":"2026-04-10T11:35:31","slug":"salario-familia","status":"publish","type":"page","link":"https:\/\/www.secpf.com.br\/site\/direitos\/salario-familia\/","title":{"rendered":"Sal\u00e1rio Fam\u00edlia"},"content":{"rendered":"<h2>Sal\u00e1rio Fam\u00edlia<\/h2>\n<p>&nbsp;<\/p>\n<p>O Sal\u00e1rio Fam\u00edlia foi institu\u00eddo em 1963. Trata-se de um valor devido pelo empregador a todo empregado que tenha sob seu sustento filho menor de 14 anos ou inv\u00e1lido. Confira a tabela do Sal\u00e1rio Fam\u00edlia:<\/p>\n<table width=\"500\">\n<tbody>\n<tr>\n<td><strong>Sal\u00e1rio<\/strong><\/td>\n<td><strong>Benef\u00edcio<\/strong><\/td>\n<\/tr>\n<tr>\n<td>At\u00e9 R$ 907,77<\/td>\n<td>R$ 46,54 para cada filho<\/td>\n<\/tr>\n<tr>\n<td>de R$ 907,77 a R$ 1.364,43<\/td>\n<td>R$ 32,80 para cada filho<\/td>\n<\/tr>\n<tr>\n<td>Acima de R$ 1.364,43<\/td>\n<td>N\u00e3o tem direito<\/td>\n<\/tr>\n<\/tbody>\n<\/table>\n<p>* Obs: Para determinar a faixa salarial \u00e9 necess\u00e1rio que seja levado em conta o montante total da remunera\u00e7\u00e3o (sal\u00e1rio base + comiss\u00f5es + horas extras&#8230;).<\/p>\n","protected":false},"excerpt":{"rendered":"<p>Sal\u00e1rio Fam\u00edlia &nbsp; O Sal\u00e1rio Fam\u00edlia foi institu\u00eddo em 1963. Trata-se de um valor devido pelo empregador a todo empregado<\/p>\n","protected":false},"author":1,"featured_media":0,"parent":211,"menu_order":8,"comment_status":"closed","ping_status":"closed","template":"","meta":{"colormag_page_container_layout":"default_layout","colormag_page_sidebar_layout":"default_layout","footnotes":""},"class_list":["post-340","page","type-page","status-publish","hentry"],"_links":{"self":[{"href":"https:\/\/www.secpf.com.br\/site\/wp-json\/wp\/v2\/pages\/340","targetHints":{"allow":["GET"]}}],"collection":[{"href":"https:\/\/www.secpf.com.br\/site\/wp-json\/wp\/v2\/pages"}],"about":[{"href":"https:\/\/www.secpf.com.br\/site\/wp-json\/wp\/v2\/types\/page"}],"author":[{"embeddable":true,"href":"https:\/\/www.secpf.com.br\/site\/wp-json\/wp\/v2\/users\/1"}],"replies":[{"embeddable":true,"href":"https:\/\/www.secpf.com.br\/site\/wp-json\/wp\/v2\/comments?post=340"}],"version-history":[{"count":5,"href":"https:\/\/www.secpf.com.br\/site\/wp-json\/wp\/v2\/pages\/340\/revisions"}],"predecessor-version":[{"id":2479,"href":"https:\/\/www.secpf.com.br\/site\/wp-json\/wp\/v2\/pages\/340\/revisions\/2479"}],"up":[{"embeddable":true,"href":"https:\/\/www.secpf.com.br\/site\/wp-json\/wp\/v2\/pages\/211"}],"wp:attachment":[{"href":"https:\/\/www.secpf.com.br\/site\/wp-json\/wp\/v2\/media?parent=340"}],"curies":[{"name":"wp","href":"https:\/\/api.w.org\/{rel}","templated":true}]}}