{"id":342,"date":"2014-12-23T00:22:22","date_gmt":"2014-12-23T02:22:22","guid":{"rendered":"http:\/\/www.daniela.pro.br\/site\/?page_id=342"},"modified":"2026-04-10T08:35:55","modified_gmt":"2026-04-10T11:35:55","slug":"desconto-inss","status":"publish","type":"page","link":"https:\/\/www.secpf.com.br\/site\/direitos\/desconto-inss\/","title":{"rendered":"Desconto INSS"},"content":{"rendered":"<h2><span style=\"color: #ff0000;\">Desconto do INSS<\/span><\/h2>\n<p>Confira a tabela de contribui\u00e7\u00e3o do INSS. O desconto \u00e9 mensal e relativo ao valor do sal\u00e1rio bruto:<\/p>\n<p>&nbsp;<\/p>\n<div align=\"center\">\n<table style=\"width: 450px;\" border=\"0\" cellspacing=\"0\">\n<colgroup span=\"2\" width=\"303\"><\/colgroup>\n<tbody>\n<tr style=\"background-color: #fae98c;\">\n<td align=\"center\">Sal\u00e1rio de Contribui\u00e7\u00e3o (R$)<\/td>\n<td align=\"center\">Al\u00edquota (%)<\/td>\n<\/tr>\n<tr>\n<td align=\"center\">At\u00e9 1.751,81<\/td>\n<td align=\"center\">8%<\/td>\n<\/tr>\n<tr>\n<td align=\"center\">De 1.751,82 at\u00e9 2.919,72<\/td>\n<td align=\"center\">9%<\/td>\n<\/tr>\n<tr>\n<td align=\"center\">De 2.919,73 at\u00e9 5.839,45<\/td>\n<td align=\"center\">11%<\/td>\n<\/tr>\n<\/tbody>\n<\/table>\n<\/div>\n<p>&nbsp;<\/p>\n<div align=\"center\"><\/div>\n<p>&nbsp;<\/p>\n","protected":false},"excerpt":{"rendered":"<p>Desconto do INSS Confira a tabela de contribui\u00e7\u00e3o do INSS. O desconto \u00e9 mensal e relativo ao valor do sal\u00e1rio<\/p>\n","protected":false},"author":1,"featured_media":0,"parent":211,"menu_order":9,"comment_status":"closed","ping_status":"closed","template":"","meta":{"colormag_page_container_layout":"default_layout","colormag_page_sidebar_layout":"default_layout","footnotes":""},"class_list":["post-342","page","type-page","status-publish","hentry"],"_links":{"self":[{"href":"https:\/\/www.secpf.com.br\/site\/wp-json\/wp\/v2\/pages\/342","targetHints":{"allow":["GET"]}}],"collection":[{"href":"https:\/\/www.secpf.com.br\/site\/wp-json\/wp\/v2\/pages"}],"about":[{"href":"https:\/\/www.secpf.com.br\/site\/wp-json\/wp\/v2\/types\/page"}],"author":[{"embeddable":true,"href":"https:\/\/www.secpf.com.br\/site\/wp-json\/wp\/v2\/users\/1"}],"replies":[{"embeddable":true,"href":"https:\/\/www.secpf.com.br\/site\/wp-json\/wp\/v2\/comments?post=342"}],"version-history":[{"count":5,"href":"https:\/\/www.secpf.com.br\/site\/wp-json\/wp\/v2\/pages\/342\/revisions"}],"predecessor-version":[{"id":2478,"href":"https:\/\/www.secpf.com.br\/site\/wp-json\/wp\/v2\/pages\/342\/revisions\/2478"}],"up":[{"embeddable":true,"href":"https:\/\/www.secpf.com.br\/site\/wp-json\/wp\/v2\/pages\/211"}],"wp:attachment":[{"href":"https:\/\/www.secpf.com.br\/site\/wp-json\/wp\/v2\/media?parent=342"}],"curies":[{"name":"wp","href":"https:\/\/api.w.org\/{rel}","templated":true}]}}