{"id":467,"date":"2015-03-04T13:24:14","date_gmt":"2015-03-04T16:24:14","guid":{"rendered":"http:\/\/www.secpf.com.br\/site\/?page_id=467"},"modified":"2026-04-10T08:35:30","modified_gmt":"2026-04-10T11:35:30","slug":"2014-2","status":"publish","type":"page","link":"https:\/\/www.secpf.com.br\/site\/direitos\/convencoes-coletivas\/2014-2\/","title":{"rendered":"Conven\u00e7\u00f5es Coletivas 2014"},"content":{"rendered":"<h2><\/h2>\n<h2>Conven\u00e7\u00f5es Coletivas<\/h2>\n<h3><span style=\"color: #993300;\">Vig\u00eancia no ano de 2014<\/span><\/h3>\n<p>&nbsp;<\/p>\n<table border=\"0\" width=\"895\" cellspacing=\"15\" cellpadding=\"8\">\n<tbody>\n<tr style=\"background-color: #cf2727; border-color: #dbcccc;\">\n<td style=\"width: 120px; text-align: left;\" width=\"144\"><span style=\"color: #ffffff;\"><strong>Tipo de Instrumento<\/strong><\/span><\/td>\n<td style=\"width: 120px; text-align: left;\" width=\"184\"><span style=\"color: #ffffff;\"><strong>Vig\u00eancia<\/strong><\/span><\/td>\n<td style=\"width: 120px; text-align: left;\" width=\"503\"><span style=\"color: #ffffff;\"><strong>Empregador<\/strong><\/span><\/td>\n<\/tr>\n<tr>\n<td style=\"width: 120px; text-align: left;\">Diss\u00eddio Coletivo<\/td>\n<td style=\"width: 120px; text-align: left;\">01\/06\/2014 a 31\/05\/2015<\/td>\n<td style=\"width: 216px; text-align: left;\"><a href=\"http:\/\/www.secpf.com.br\/convencoes\/2014\/010614a310515_comercio_varejista_veiculos_pecas-ext_base.pdf\" target=\"_blank\" rel=\"noopener noreferrer\">COM\u00c9RCIO VAREJISTA DE VE\u00cdCULOS E PECAS &#8211; EXT BASE<\/a><\/td>\n<\/tr>\n<tr>\n<td style=\"width: 120px; text-align: left;\">Conven\u00e7\u00e3o Coletiva<\/td>\n<td style=\"width: 120px; text-align: left;\">01\/04\/2013 &#8211; 31\/03\/2014<\/td>\n<td style=\"width: 216px; text-align: left;\"><a href=\"http:\/\/www.secpf.com.br\/convencoes\/2014\/010413a310314_comercio_varejista_farmacias.pdf\" target=\"_blank\" rel=\"noopener noreferrer\">COM\u00c9RCIO VAREJISTA DE FARM\u00c1CIAS E DROGARIAS<\/a><\/td>\n<\/tr>\n<tr>\n<td style=\"width: 120px; text-align: left;\">Acordo Coletivo<\/td>\n<td style=\"width: 120px; text-align: left;\">01\/04\/2013 &#8211; 31\/03\/2014<\/td>\n<td style=\"width: 216px; text-align: left;\"><a href=\"http:\/\/www.secpf.com.br\/convencoes\/2014\/010413a310314_companhia_zaffari.pdf\" target=\"_blank\" rel=\"noopener noreferrer\">COMPANHIA ZAFFARI COM\u00c9RCIO E INDUSTRIA<\/a><\/td>\n<\/tr>\n<tr>\n<td style=\"width: 120px; text-align: left;\">Conven\u00e7\u00e3o Coletiva<\/td>\n<td style=\"width: 120px; text-align: left;\">01\/03\/2013 &#8211; 25\/03\/2014<\/td>\n<td style=\"width: 216px; text-align: left;\"><a href=\"http:\/\/www.secpf.com.br\/convencoes\/2014\/010313a250314_servicos_funerarios_extensao_base.pdf\" target=\"_blank\" rel=\"noopener noreferrer\">ESTABELECIMENTOS DE SERVICOS FUNER\u00c1RIOS &#8211; Extens\u00e3o de Base<\/a><\/td>\n<\/tr>\n<tr>\n<td style=\"width: 120px; text-align: left;\">Conven\u00e7\u00e3o Coletiva<\/td>\n<td style=\"width: 120px; text-align: left;\">01\/03\/2013 &#8211; 05\/05\/2014<\/td>\n<td style=\"width: 216px; text-align: left;\"><a href=\"http:\/\/www.secpf.com.br\/convencoes\/2014\/010313a050514_comercio_varejista_produtos_farmaceuticos_guapore.pdf\" target=\"_blank\" rel=\"noopener noreferrer\">COM\u00c9RCIO VAREJISTA DE PRODUTOS FARMAC\u00caUTICOS &#8211; Guapor\u00e9\/RS<\/a><\/td>\n<\/tr>\n<tr>\n<td style=\"width: 120px; text-align: left;\">Conven\u00e7\u00e3o Coletiva<\/td>\n<td style=\"width: 120px; text-align: left;\">01\/03\/2013 &#8211; 05\/05\/2014<\/td>\n<td style=\"width: 216px; text-align: left;\"><a href=\"http:\/\/www.secpf.com.br\/convencoes\/2014\/010313a050514_comercio_atacadista_extensao_base.pdf\" target=\"_blank\" rel=\"noopener noreferrer\">COM\u00c9RCIO ATACADISTA &#8211; Extens\u00e3o de Base<\/a><\/td>\n<\/tr>\n<tr>\n<td style=\"width: 120px; text-align: left;\">Conven\u00e7\u00e3o Coletiva<\/td>\n<td style=\"width: 120px; text-align: left;\">01\/04\/2013 &#8211; 30\/06\/2014<\/td>\n<td style=\"width: 216px; text-align: left;\"><a href=\"http:\/\/www.secpf.com.br\/convencoes\/2014\/010413a300614_comercio_atacadista_pf.pdf\" target=\"_blank\" rel=\"noopener noreferrer\">COM\u00c9RCIO ATACADISTA &#8211; Passo Fundo\/RS<\/a><\/td>\n<\/tr>\n<tr>\n<td style=\"width: 120px; text-align: left;\">Conven\u00e7\u00e3o Coletiva<\/td>\n<td style=\"width: 120px; text-align: left;\">01\/03\/2013 &#8211; 30\/06\/2014<\/td>\n<td style=\"width: 216px; text-align: left;\"><a href=\"http:\/\/www.secpf.com.br\/convencoes\/2014\/010313a300614_comercio_atacadista_alimentos_bebidas_extensao_base.pdf\" target=\"_blank\" rel=\"noopener noreferrer\">COM\u00c9RCIO ATACADISTA DE ALIMENTOS E BEBIDAS EM GERAL &#8211; Extens\u00e3o de Base<\/a><\/td>\n<\/tr>\n<tr>\n<td style=\"width: 120px; text-align: left;\">Conven\u00e7\u00e3o Coletiva<\/td>\n<td style=\"width: 120px; text-align: left;\">01\/04\/2013 &#8211; 31\/03\/2014<\/td>\n<td style=\"width: 216px; text-align: left;\"><a href=\"http:\/\/www.secpf.com.br\/convencoes\/2014\/010413a310314_comercio_varejista.pdf\" target=\"_blank\" rel=\"noopener noreferrer\">COM\u00c9RCIO VAREJISTA DE PASSO FUNDO<\/a><\/td>\n<\/tr>\n<tr>\n<td style=\"width: 120px; text-align: left;\">Conven\u00e7\u00e3o Coletiva<\/td>\n<td style=\"width: 120px; text-align: left;\">01\/04\/2013 &#8211; 31\/12\/2014<\/td>\n<td style=\"width: 216px; text-align: left;\"><a href=\"http:\/\/www.secpf.com.br\/convencoes\/2014\/010413a311214_comercio_varejista_generos_alimenticios_pf.pdf\" target=\"_blank\" rel=\"noopener noreferrer\">COM\u00c9RCIO VAREJISTA DE G\u00caNEROS ALIMENT\u00cdCIOS<\/a><\/td>\n<\/tr>\n<tr>\n<td style=\"width: 120px; text-align: left;\">Conven\u00e7\u00e3o Coletiva<\/td>\n<td style=\"width: 120px; text-align: left;\">01\/04\/2014 &#8211; 31\/03\/2015<\/td>\n<td style=\"width: 216px; text-align: left;\"><a href=\"http:\/\/www.secpf.com.br\/convencoes\/2015\/010414a310315-comercio_atacadista-pf.pdf\" target=\"_blank\" rel=\"noopener noreferrer\">COM\u00c9RCIO\u00a0ATACADISTA &#8211; PASSO FUNDO<\/a><\/td>\n<\/tr>\n<tr>\n<td style=\"width: 120px; text-align: left;\">Conven\u00e7\u00e3o Coletiva<\/td>\n<td style=\"width: 120px; text-align: left;\">01.04.2014 a 31.03.2015<\/td>\n<td style=\"width: 216px; text-align: left;\"><a href=\"http:\/\/www.secpf.com.br\/convencoes\/2015\/010414a310315-comercio-varejista.pdf\" target=\"_blank\" rel=\"noopener noreferrer\">COM\u00c9RCIO VAREJISTA<\/a><\/td>\n<\/tr>\n<tr>\n<td style=\"width: 120px; text-align: left;\">\u00a0Conven\u00e7\u00e3o Coletiva<\/td>\n<td style=\"width: 120px; text-align: left;\">\u00a001.03.2014 a 28.02.2015<\/td>\n<td style=\"width: 216px; text-align: left;\">\u00a0<a href=\"http:\/\/www.secpf.com.br\/convencoes\/2015\/010314a280215-comercio_atacadista-ext-base.pdf\" target=\"_blank\" rel=\"noopener noreferrer\">COM\u00c9RCIO ATACADISTA &#8211; EXT. BASE<\/a><\/td>\n<\/tr>\n<tr>\n<td style=\"width: 120px; text-align: left;\">Conven\u00e7\u00e3o Coletiva<\/td>\n<td style=\"width: 120px; text-align: left;\">01.04.2013 a\u00a031.03.2015<\/td>\n<td style=\"width: 216px; text-align: left;\"><a href=\"http:\/\/www.secpf.com.br\/convencoes\/2015\/010413a310315-atacado-alimentos-bebidas-pf.pdf\" target=\"_blank\" rel=\"noopener noreferrer\">ATACADO DE ALIMENTOS E BEBIDAS &#8211; PASSO FUNDO<\/a><\/td>\n<\/tr>\n<tr>\n<td style=\"width: 120px; text-align: left;\">Conven\u00e7\u00e3o Coletiva<\/td>\n<td style=\"width: 120px; text-align: left;\">01.03.2014 a 28.02.2015<\/td>\n<td style=\"width: 216px; text-align: left;\"><a href=\"http:\/\/www.secpf.com.br\/convencoes\/2015\/010314a280215-atacado-alimento-bebidas_ex-base.pdf\" target=\"_blank\" rel=\"noopener noreferrer\">ATACADO DE ALIMENTOS E BEBIDAS &#8211; EXTENS\u00c3O DE BASE<\/a><\/td>\n<\/tr>\n<tr>\n<td style=\"width: 120px; text-align: left;\">Conven\u00e7\u00e3o Coletiva<\/td>\n<td style=\"width: 120px; text-align: left;\">01.04.2014 a 31.12.2015<\/td>\n<td style=\"width: 216px; text-align: left;\"><a href=\"http:\/\/www.secpf.com.br\/convencoes\/2015\/010414a311215-comercio_varejista_generos_alimenticios-pf.pdf\" target=\"_blank\" rel=\"noopener noreferrer\">COM\u00c9RCIO VAREJISTA G\u00caNEROS ALIMENT\u00cdCIOS &#8211; P. FUNDO<\/a><\/td>\n<\/tr>\n<tr>\n<td style=\"width: 120px; text-align: left;\">Conven\u00e7\u00e3o Coletiva<\/td>\n<td style=\"width: 120px; text-align: left;\">01.04.2014 a 31.03.2015<\/td>\n<td style=\"width: 216px; text-align: left;\"><a href=\"http:\/\/www.secpf.com.br\/convencoes\/2015\/010414a310315-concessionarios_dist_veiculos.pdf\" target=\"_blank\" rel=\"noopener noreferrer\">CONCESSION\u00c1RIOS E DISTRIBUIDORES DE VE\u00cdCULOS<\/a><\/td>\n<\/tr>\n<tr>\n<td style=\"width: 120px; text-align: left;\">Aditivo<\/td>\n<td style=\"width: 120px; text-align: left;\">01.11.2014 a 31.10.2015<\/td>\n<td style=\"width: 216px; text-align: left;\"><a href=\"http:\/\/www.secpf.com.br\/convencoes\/2015\/011114a311015-concessionarios_dist_veiculos_domingo.pdf\" target=\"_blank\" rel=\"noopener noreferrer\">CONCESSION\u00c1RIOS E DIST. VE\u00cdCULOS &#8211; HOR\u00c1RIO DE DOMINGO<\/a><\/td>\n<\/tr>\n<\/tbody>\n<\/table>\n<p>&nbsp;<\/p>\n<p>* Confira a autenticidade no endere\u00e7o <a href=\"http:\/\/www3.mte.gov.br\/sistemas\/mediador\/ConsultarInstColetivo#\" target=\"_blank\" rel=\"noopener noreferrer\">http:\/\/www3.mte.gov.br\/sistemas\/mediador<\/a><\/p>\n<p>&nbsp;<\/p>\n<p>&nbsp;<\/p>\n<p>&nbsp;<\/p>\n<p>&nbsp;<\/p>\n<p>&nbsp;<\/p>\n<p>&nbsp;<\/p>\n","protected":false},"excerpt":{"rendered":"<p>Conven\u00e7\u00f5es Coletivas Vig\u00eancia no ano de 2014 &nbsp; Tipo de Instrumento Vig\u00eancia Empregador Diss\u00eddio Coletivo 01\/06\/2014 a 31\/05\/2015 COM\u00c9RCIO VAREJISTA<\/p>\n","protected":false},"author":1,"featured_media":0,"parent":219,"menu_order":0,"comment_status":"closed","ping_status":"closed","template":"","meta":{"colormag_page_container_layout":"default_layout","colormag_page_sidebar_layout":"default_layout","footnotes":""},"class_list":["post-467","page","type-page","status-publish","hentry"],"_links":{"self":[{"href":"https:\/\/www.secpf.com.br\/site\/wp-json\/wp\/v2\/pages\/467","targetHints":{"allow":["GET"]}}],"collection":[{"href":"https:\/\/www.secpf.com.br\/site\/wp-json\/wp\/v2\/pages"}],"about":[{"href":"https:\/\/www.secpf.com.br\/site\/wp-json\/wp\/v2\/types\/page"}],"author":[{"embeddable":true,"href":"https:\/\/www.secpf.com.br\/site\/wp-json\/wp\/v2\/users\/1"}],"replies":[{"embeddable":true,"href":"https:\/\/www.secpf.com.br\/site\/wp-json\/wp\/v2\/comments?post=467"}],"version-history":[{"count":17,"href":"https:\/\/www.secpf.com.br\/site\/wp-json\/wp\/v2\/pages\/467\/revisions"}],"predecessor-version":[{"id":3413,"href":"https:\/\/www.secpf.com.br\/site\/wp-json\/wp\/v2\/pages\/467\/revisions\/3413"}],"up":[{"embeddable":true,"href":"https:\/\/www.secpf.com.br\/site\/wp-json\/wp\/v2\/pages\/219"}],"wp:attachment":[{"href":"https:\/\/www.secpf.com.br\/site\/wp-json\/wp\/v2\/media?parent=467"}],"curies":[{"name":"wp","href":"https:\/\/api.w.org\/{rel}","templated":true}]}}